{"id":2640,"date":"2021-08-06T14:54:56","date_gmt":"2021-08-06T14:54:56","guid":{"rendered":"https:\/\/globefarer.qodeinteractive.com\/?page_id=2640"},"modified":"2025-06-24T21:59:21","modified_gmt":"2025-06-24T18:59:21","slug":"servicios","status":"publish","type":"page","link":"https:\/\/rioparanacargas.com.ar\/index.php\/servicios\/","title":{"rendered":"Servicios"},"content":{"rendered":"\t\t<div data-elementor-type=\"wp-page\" data-elementor-id=\"2640\" class=\"elementor elementor-2640\">\n\t\t\t\t\t\t<section class=\"elementor-section elementor-top-section elementor-element elementor-element-7fc3498 elementor-section-full_width qodef-elementor-content-grid elementor-section-height-default elementor-section-height-default\" data-id=\"7fc3498\" data-element_type=\"section\" data-settings=\"{&quot;background_background&quot;:&quot;classic&quot;}\">\n\t\t\t\t\t\t<div class=\"elementor-container elementor-column-gap-no\">\n\t\t\t\t\t<div class=\"elementor-column elementor-col-100 elementor-top-column elementor-element elementor-element-81c4909\" data-id=\"81c4909\" data-element_type=\"column\">\n\t\t\t<div class=\"elementor-widget-wrap elementor-element-populated\">\n\t\t\t\t\t\t<div class=\"elementor-element elementor-element-6aa73b2 elementor-widget elementor-widget-globefarer_core_divided_image_info\" data-id=\"6aa73b2\" data-element_type=\"widget\" data-widget_type=\"globefarer_core_divided_image_info.default\">\n\t\t\t\t<div class=\"elementor-widget-container\">\n\t\t\t\t\t<div class=\"qodef-shortcode qodef-m qodef-divided-image-info qodef-layout--image-left qodef-separator--on qodef-vertically-centered--on qodef-breakpoint--1024 qodef-appear-animation--no qodef-appear-animation-type--roll-out\">\n\t\t<div class=\"qodef-m-image\" style=\"width: 51.5%;padding-right: 3%\">\n\t\t<img fetchpriority=\"high\" decoding=\"async\" width=\"1536\" height=\"1024\" src=\"https:\/\/rioparanacargas.com.ar\/wp-content\/uploads\/2025\/05\/20250515_1811_Camion-al-Atardecer_remix_01jvawh95peyzrkh9vkf5e59ak.png\" class=\"attachment-full size-full\" alt=\"\" srcset=\"https:\/\/rioparanacargas.com.ar\/wp-content\/uploads\/2025\/05\/20250515_1811_Camion-al-Atardecer_remix_01jvawh95peyzrkh9vkf5e59ak.png 1536w, https:\/\/rioparanacargas.com.ar\/wp-content\/uploads\/2025\/05\/20250515_1811_Camion-al-Atardecer_remix_01jvawh95peyzrkh9vkf5e59ak-300x200.png 300w, https:\/\/rioparanacargas.com.ar\/wp-content\/uploads\/2025\/05\/20250515_1811_Camion-al-Atardecer_remix_01jvawh95peyzrkh9vkf5e59ak-1024x683.png 1024w, https:\/\/rioparanacargas.com.ar\/wp-content\/uploads\/2025\/05\/20250515_1811_Camion-al-Atardecer_remix_01jvawh95peyzrkh9vkf5e59ak-768x512.png 768w\" sizes=\"(max-width: 1536px) 100vw, 1536px\" \/>\t<\/div>\n<div class=\"qodef-m-content\" style=\"margin-top: 0px;padding-left: 4%\">\n\t\t\t<h2 itemprop=\"name\" class=\"qodef-m-title\" style=\"margin-bottom: 29px\">\n\tSoluciones log\u00edsticas a medida, seguras y confiables\t<\/h2>\n\t<p class=\"qodef-m-text\" >\n\t\tNuestro diferencial est\u00e1 en la atenci\u00f3n personalizada, la trazabilidad en tiempo real, el cumplimiento normativo y una respuesta \u00e1gil ante cada operaci\u00f3n.\t<\/p>\n\t<a class=\"qodef-shortcode qodef-m qodef-m-button qodef-button qodef-layout--textual qodef-html--link\" href=\"\/index.php\/contacto\" target=\"_self\"  >\t\t\t<span class=\"qodef-m-button-icon\"><svg class=\"qodef-svg--plus\" xmlns=\"http:\/\/www.w3.org\/2000\/svg\" xmlns:xlink=\"http:\/\/www.w3.org\/1999\/xlink\" width=\"14\" height=\"14\" viewBox=\"0 0 14 14\"><path class=\"qodef-m-horizontal\" d=\"M0,0H14V2H0Z\" transform=\"translate(0 6)\" \/><path class=\"qodef-m-vertical\" d=\"M0,0H2V14H0Z\" transform=\"translate(6)\" \/><\/svg><\/span>\t\t\t\t<span class=\"qodef-m-button-text\">Hablemos de<br \/> tu Carga<\/span>\t<\/a><\/div>\n<\/div>\n\t\t\t\t<\/div>\n\t\t\t\t<\/div>\n\t\t\t\t\t<\/div>\n\t\t<\/div>\n\t\t\t\t\t<\/div>\n\t\t<\/section>\n\t\t\t\t<section class=\"elementor-section elementor-top-section elementor-element elementor-element-94ae9d9 qodef-elementor-content-grid elementor-section-full_width elementor-section-height-default elementor-section-height-default\" data-id=\"94ae9d9\" data-element_type=\"section\">\n\t\t\t\t\t\t<div class=\"elementor-container elementor-column-gap-no\">\n\t\t\t\t\t<div class=\"elementor-column elementor-col-100 elementor-top-column elementor-element elementor-element-4de569e\" data-id=\"4de569e\" data-element_type=\"column\">\n\t\t\t<div class=\"elementor-widget-wrap elementor-element-populated\">\n\t\t\t\t\t\t<div class=\"elementor-element elementor-element-283d77e elementor-widget elementor-widget-globefarer_core_accordion_info\" data-id=\"283d77e\" data-element_type=\"widget\" data-widget_type=\"globefarer_core_accordion_info.default\">\n\t\t\t\t<div class=\"elementor-widget-container\">\n\t\t\t\t\t<div class=\"qodef-shortcode qodef-m qodef-accordion-info qodef-behavior--accordion qodef-layout--extended-compact\">\n\t<div class=\"qodef-m-heading\">\n\t\t<h6 class=\"qodef-m-heading-title\">\n\t\tServicios\t<\/h6>\n\t<h6 class=\"qodef-m-heading-tagline\">\n\t\tSoluciones\t<\/h6>\n<\/div>\n\t<div class=\"qodef-accordion-info-inner\">\n\t\t\t\t\t\t\t\t\t\t\t\t\t<div class=\"qodef-m-navigation\">\n\t\t<h4 class=\"qodef-m-title\">\n\t\tTransporte Nacional\t<\/h4>\n\t<p class=\"qodef-m-tagline\">\n\t\tBrindamos soluciones de transporte terrestre a lo largo de todo el territorio argentino, con amplia cobertura operativa en las principales regiones productivas y log\u00edsticas del pa\u00eds.\t<\/p>\n<div class=\"qodef-m-mark\">\n\t<svg class=\"qodef-svg--plus\" xmlns=\"http:\/\/www.w3.org\/2000\/svg\" xmlns:xlink=\"http:\/\/www.w3.org\/1999\/xlink\" width=\"14\" height=\"14\" viewBox=\"0 0 14 14\"><path class=\"qodef-m-horizontal\" d=\"M0,0H14V2H0Z\" transform=\"translate(0 6)\" \/><path class=\"qodef-m-vertical\" d=\"M0,0H2V14H0Z\" transform=\"translate(6)\" \/><\/svg><\/div>\n<\/div>\n<div class=\"qodef-m-content\">\n\t\t<p class=\"qodef-m-text\">\n\t\tNuestros servicios abarcan desde el traslado de cargas completas (FTL), adapt\u00e1ndonos a los requerimientos de cada cliente. Contamos con presencia activa en las provincias de Buenos Aires, C\u00f3rdoba, Santa Fe, Entre R\u00edos, Mendoza, San Juan, San Luis, Tucum\u00e1n, Salta, Jujuy, Santiago del Estero, Chaco, Formosa, Corrientes y Misiones. Adem\u00e1s cubrimos rutas estrat\u00e9gicas, como la zona de Neuqu\u00e9n, Vaca Muerta y hacia el sur del pa\u00eds, incluyendo la regi\u00f3n patag\u00f3nica y Tierra del Fuego, lo que nos permite operar con eficiencia tanto en centros urbanos como en zonas alejadas y de dif\u00edcil acceso.\t<\/p>\n<\/div>\n\t\t\t\t\t\t\t\t\t\t\t<div class=\"qodef-m-navigation\">\n\t\t<h4 class=\"qodef-m-title\">\n\t\tCarga General y Peligrosa \t<\/h4>\n\t<p class=\"qodef-m-tagline\">\n\t\tEstamos habilitados para transportar diferentes cargas, tales como productos qu\u00edmicos y sustancias peligrosas. Trabajamos con productos pertenecientes a diversas industrias, incluyendo, papelera, maderera, minera, qu\u00edmica, tecnol\u00f3gica y petrolera.\t<\/p>\n<div class=\"qodef-m-mark\">\n\t<svg class=\"qodef-svg--plus\" xmlns=\"http:\/\/www.w3.org\/2000\/svg\" xmlns:xlink=\"http:\/\/www.w3.org\/1999\/xlink\" width=\"14\" height=\"14\" viewBox=\"0 0 14 14\"><path class=\"qodef-m-horizontal\" d=\"M0,0H14V2H0Z\" transform=\"translate(0 6)\" \/><path class=\"qodef-m-vertical\" d=\"M0,0H2V14H0Z\" transform=\"translate(6)\" \/><\/svg><\/div>\n<\/div>\n<div class=\"qodef-m-content\">\n\t\t<p class=\"qodef-m-text\">\n\t\tCumplimos con todas las regulaciones y normativas vigentes emitidas por SEDRONAR, Renpre y otros organismos competentes, garantizando seguridad, trazabilidad y cumplimiento legal en toda la operaci\u00f3n.\t<\/p>\n<\/div>\n\t\t\t\t\t\t\t\t\t\t\t<div class=\"qodef-m-navigation\">\n\t\t<h4 class=\"qodef-m-title\">\n\t\tInfraestructura de Flota \t<\/h4>\n\t<p class=\"qodef-m-tagline\">\n\t\tDisponemos de una flota moderna compuesta por m\u00e1s de 30 unidades propias, incluyendo tractores, semirremolques baranda volcable convencionales y escalados.\t<\/p>\n<div class=\"qodef-m-mark\">\n\t<svg class=\"qodef-svg--plus\" xmlns=\"http:\/\/www.w3.org\/2000\/svg\" xmlns:xlink=\"http:\/\/www.w3.org\/1999\/xlink\" width=\"14\" height=\"14\" viewBox=\"0 0 14 14\"><path class=\"qodef-m-horizontal\" d=\"M0,0H14V2H0Z\" transform=\"translate(0 6)\" \/><path class=\"qodef-m-vertical\" d=\"M0,0H2V14H0Z\" transform=\"translate(6)\" \/><\/svg><\/div>\n<\/div>\n<div class=\"qodef-m-content\">\n\t\t<p class=\"qodef-m-text\">\n\t\tNuestras unidades cuentan con tecnolog\u00eda de punta, est\u00e1n adaptadas a diversos tipos de carga y se mantienen en \u00f3ptimas condiciones a trav\u00e9s de mantenimiento integral realizado en nuestros propios talleres.\t<\/p>\n<\/div>\n\t\t\t\t\t\t\t\t\t\t\t<div class=\"qodef-m-navigation\">\n\t\t<h4 class=\"qodef-m-title\">\n\t\tTecnolog\u00eda y Monitoreo\t<\/h4>\n\t<p class=\"qodef-m-tagline\">\n\t\tTodas nuestras unidades est\u00e1n equipadas con sistemas de rastreo satelital y seguimiento GPS en tiempo real, lo que nos permite mantener una comunicaci\u00f3n constante con cada veh\u00edculo. \t<\/p>\n<div class=\"qodef-m-mark\">\n\t<svg class=\"qodef-svg--plus\" xmlns=\"http:\/\/www.w3.org\/2000\/svg\" xmlns:xlink=\"http:\/\/www.w3.org\/1999\/xlink\" width=\"14\" height=\"14\" viewBox=\"0 0 14 14\"><path class=\"qodef-m-horizontal\" d=\"M0,0H14V2H0Z\" transform=\"translate(0 6)\" \/><path class=\"qodef-m-vertical\" d=\"M0,0H2V14H0Z\" transform=\"translate(6)\" \/><\/svg><\/div>\n<\/div>\n<div class=\"qodef-m-content\">\n\t\t<p class=\"qodef-m-text\">\n\t\tControlamos estrictamente los tiempos de conducci\u00f3n y descanso, asegurando el cumplimiento de la normativa vigente y la seguridad en la operaci\u00f3n.\t<\/p>\n<\/div>\n\t\t\t\t\t\t\t\t\t\t\t<div class=\"qodef-m-navigation\">\n\t\t<h4 class=\"qodef-m-title\">\n\t\tAtenci\u00f3n Personalizada \t<\/h4>\n\t<p class=\"qodef-m-tagline\">\n\t\tNuestro equipo est\u00e1 compuesto por profesionales con amplia experiencia en log\u00edstica y transporte. \t<\/p>\n<div class=\"qodef-m-mark\">\n\t<svg class=\"qodef-svg--plus\" xmlns=\"http:\/\/www.w3.org\/2000\/svg\" xmlns:xlink=\"http:\/\/www.w3.org\/1999\/xlink\" width=\"14\" height=\"14\" viewBox=\"0 0 14 14\"><path class=\"qodef-m-horizontal\" d=\"M0,0H14V2H0Z\" transform=\"translate(0 6)\" \/><path class=\"qodef-m-vertical\" d=\"M0,0H2V14H0Z\" transform=\"translate(6)\" \/><\/svg><\/div>\n<\/div>\n<div class=\"qodef-m-content\">\n\t\t<p class=\"qodef-m-text\">\n\t\tBrindamos atenci\u00f3n personalizada y seguimiento constante de cada operaci\u00f3n, priorizando la comunicaci\u00f3n con el cliente y la r\u00e1pida resoluci\u00f3n de imprevistos para asegurar un servicio eficiente, transparente y de calidad.\t<\/p>\n<\/div>\n\t\t\t\t\t\t\t\t\t\t\t<div class=\"qodef-m-navigation\">\n\t\t<h4 class=\"qodef-m-title\">\n\t\tTransporte Internacional\t<\/h4>\n\t<p class=\"qodef-m-tagline\">\n\t\tOfrecemos servicios de transporte terrestre a pa\u00edses lim\u00edtrofes con operaciones activas hacia Chile. \t<\/p>\n<div class=\"qodef-m-mark\">\n\t<svg class=\"qodef-svg--plus\" xmlns=\"http:\/\/www.w3.org\/2000\/svg\" xmlns:xlink=\"http:\/\/www.w3.org\/1999\/xlink\" width=\"14\" height=\"14\" viewBox=\"0 0 14 14\"><path class=\"qodef-m-horizontal\" d=\"M0,0H14V2H0Z\" transform=\"translate(0 6)\" \/><path class=\"qodef-m-vertical\" d=\"M0,0H2V14H0Z\" transform=\"translate(6)\" \/><\/svg><\/div>\n<\/div>\n<div class=\"qodef-m-content\">\n\t\t<p class=\"qodef-m-text\">\n\t\tNuestra experiencia en cruces fronterizos y cumplimiento normativo internacional nos permite garantizar un traslado seguro, eficiente y sin interrupciones, incluso en rutas complejas. Nos ocupamos de toda la documentaci\u00f3n y requisitos aduaneros necesarios, facilitando una log\u00edstica fluida para los clientes que operan a nivel regional.\t<\/p>\n<\/div>\n\t\t\t\t\t\t<\/div>\n<\/div>\n\t\t\t\t<\/div>\n\t\t\t\t<\/div>\n\t\t\t\t\t<\/div>\n\t\t<\/div>\n\t\t\t\t\t<\/div>\n\t\t<\/section>\n\t\t\t\t<section class=\"elementor-section elementor-top-section elementor-element elementor-element-45c1549 elementor-section-full_width elementor-section-height-default elementor-section-height-default qodef-elementor-content-no\" data-id=\"45c1549\" data-element_type=\"section\">\n\t\t\t\t\t\t<div class=\"elementor-container elementor-column-gap-no\">\n\t\t\t\t\t<div class=\"elementor-column elementor-col-100 elementor-top-column elementor-element elementor-element-aa7ce85\" data-id=\"aa7ce85\" data-element_type=\"column\">\n\t\t\t<div class=\"elementor-widget-wrap elementor-element-populated\">\n\t\t\t\t\t\t<div class=\"elementor-element elementor-element-dfcc0d9 elementor-widget elementor-widget-globefarer_core_video_button\" data-id=\"dfcc0d9\" data-element_type=\"widget\" data-widget_type=\"globefarer_core_video_button.default\">\n\t\t\t\t<div class=\"elementor-widget-container\">\n\t\t\t\t\t<div class=\"qodef-shortcode qodef-m qodef-video-button qodef--has-img\">\n\t\t<div class=\"qodef-m-image\">\n\t\t<img decoding=\"async\" width=\"1653\" height=\"738\" src=\"https:\/\/rioparanacargas.com.ar\/wp-content\/uploads\/2025\/06\/20250605_1557_White-Trucks-Showcase_simple_compose_01jx0q630wegg8n9d4xxdvypb5-e1749151921247.png\" class=\"attachment-full size-full\" alt=\"\" srcset=\"https:\/\/rioparanacargas.com.ar\/wp-content\/uploads\/2025\/06\/20250605_1557_White-Trucks-Showcase_simple_compose_01jx0q630wegg8n9d4xxdvypb5-e1749151921247.png 1653w, https:\/\/rioparanacargas.com.ar\/wp-content\/uploads\/2025\/06\/20250605_1557_White-Trucks-Showcase_simple_compose_01jx0q630wegg8n9d4xxdvypb5-e1749151921247-300x134.png 300w, https:\/\/rioparanacargas.com.ar\/wp-content\/uploads\/2025\/06\/20250605_1557_White-Trucks-Showcase_simple_compose_01jx0q630wegg8n9d4xxdvypb5-e1749151921247-1024x457.png 1024w, https:\/\/rioparanacargas.com.ar\/wp-content\/uploads\/2025\/06\/20250605_1557_White-Trucks-Showcase_simple_compose_01jx0q630wegg8n9d4xxdvypb5-e1749151921247-768x343.png 768w, https:\/\/rioparanacargas.com.ar\/wp-content\/uploads\/2025\/06\/20250605_1557_White-Trucks-Showcase_simple_compose_01jx0q630wegg8n9d4xxdvypb5-e1749151921247-1536x686.png 1536w\" sizes=\"(max-width: 1653px) 100vw, 1653px\" \/>\t<\/div>\n    \t<a itemprop=\"url\" class=\"qodef-m-play qodef-magnific-popup qodef-popup-item\" style=\"color: #F7C600;font-size: 165px\" href=\"http:\/\/(null)\" data-type=\"iframe\"><\/a>\n<\/div>\n\t\t\t\t<\/div>\n\t\t\t\t<\/div>\n\t\t\t\t\t<\/div>\n\t\t<\/div>\n\t\t\t\t\t<\/div>\n\t\t<\/section>\n\t\t\t\t<section class=\"elementor-section elementor-top-section elementor-element elementor-element-b8fd44b elementor-section-full_width qodef-elementor-content-grid elementor-section-height-default elementor-section-height-default\" data-id=\"b8fd44b\" data-element_type=\"section\" data-settings=\"{&quot;background_background&quot;:&quot;classic&quot;}\">\n\t\t\t\t\t\t<div class=\"elementor-container elementor-column-gap-no\">\n\t\t\t\t\t<div class=\"elementor-column elementor-col-25 elementor-top-column elementor-element elementor-element-53474b0\" data-id=\"53474b0\" data-element_type=\"column\">\n\t\t\t<div class=\"elementor-widget-wrap elementor-element-populated\">\n\t\t\t\t\t\t<div class=\"elementor-element elementor-element-a139469 elementor-widget elementor-widget-globefarer_core_icon_with_text\" data-id=\"a139469\" data-element_type=\"widget\" data-widget_type=\"globefarer_core_icon_with_text.default\">\n\t\t\t\t<div class=\"elementor-widget-container\">\n\t\t\t\t\t<div class=\"qodef-shortcode qodef-m qodef-icon-with-text qodef-layout--top qodef--custom-icon qodef-alignment--left\">\n\t<div class=\"qodef-m-icon-wrapper\">\n\t\t\t\t\t<img decoding=\"async\" width=\"45\" height=\"34\" src=\"https:\/\/rioparanacargas.com.ar\/wp-content\/uploads\/2021\/08\/landing-icon-1.png\" class=\"attachment-full size-full\" alt=\"d\" \/>\t\t<\/div>\n\t<div class=\"qodef-m-content\">\n\t\t\t<h4 class=\"qodef-m-title\" >\n\t\t\t\t\t<span class=\"qodef-m-title-text\">Nacional e Internacional<\/span>\n\t\t\t<\/h4>\n\t\t\t<p class=\"qodef-m-text\" style=\"margin-top: 18px\">Transporte de cargas con flota propia, operando en regiones clave del pa\u00eds y llegando hasta Chile.<\/p>\n\t<\/div>\n<\/div>\n\t\t\t\t<\/div>\n\t\t\t\t<\/div>\n\t\t\t\t\t<\/div>\n\t\t<\/div>\n\t\t\t\t<div class=\"elementor-column elementor-col-25 elementor-top-column elementor-element elementor-element-77c24f0\" data-id=\"77c24f0\" data-element_type=\"column\">\n\t\t\t<div class=\"elementor-widget-wrap elementor-element-populated\">\n\t\t\t\t\t\t<div class=\"elementor-element elementor-element-2e4293f elementor-widget elementor-widget-globefarer_core_icon_with_text\" data-id=\"2e4293f\" data-element_type=\"widget\" data-widget_type=\"globefarer_core_icon_with_text.default\">\n\t\t\t\t<div class=\"elementor-widget-container\">\n\t\t\t\t\t<div class=\"qodef-shortcode qodef-m qodef-icon-with-text qodef-layout--top qodef--custom-icon qodef-alignment--left\">\n\t<div class=\"qodef-m-icon-wrapper\">\n\t\t\t\t\t<img loading=\"lazy\" decoding=\"async\" width=\"45\" height=\"34\" src=\"https:\/\/rioparanacargas.com.ar\/wp-content\/uploads\/2021\/09\/landing-icon-5.png\" class=\"attachment-full size-full\" alt=\"m\" \/>\t\t<\/div>\n\t<div class=\"qodef-m-content\">\n\t\t\t<h4 class=\"qodef-m-title\" >\n\t\t\t\t\t<span class=\"qodef-m-title-text\">Generales y Peligrosas<\/span>\n\t\t\t<\/h4>\n\t\t\t<p class=\"qodef-m-text\" style=\"margin-top: 18px\">Transportando cargas habilitadas con trazabilidad y cumplimiento normativo.<\/p>\n\t<\/div>\n<\/div>\n\t\t\t\t<\/div>\n\t\t\t\t<\/div>\n\t\t\t\t\t<\/div>\n\t\t<\/div>\n\t\t\t\t<div class=\"elementor-column elementor-col-25 elementor-top-column elementor-element elementor-element-008764b\" data-id=\"008764b\" data-element_type=\"column\">\n\t\t\t<div class=\"elementor-widget-wrap elementor-element-populated\">\n\t\t\t\t\t\t<div class=\"elementor-element elementor-element-86c3e15 elementor-widget elementor-widget-globefarer_core_icon_with_text\" data-id=\"86c3e15\" data-element_type=\"widget\" data-widget_type=\"globefarer_core_icon_with_text.default\">\n\t\t\t\t<div class=\"elementor-widget-container\">\n\t\t\t\t\t<div class=\"qodef-shortcode qodef-m qodef-icon-with-text qodef-layout--top qodef--custom-icon qodef-alignment--left\">\n\t<div class=\"qodef-m-icon-wrapper\">\n\t\t\t\t\t<img loading=\"lazy\" decoding=\"async\" width=\"29\" height=\"34\" src=\"https:\/\/rioparanacargas.com.ar\/wp-content\/uploads\/2025\/05\/gps.png\" class=\"attachment-full size-full\" alt=\"\" \/>\t\t<\/div>\n\t<div class=\"qodef-m-content\">\n\t\t\t<h4 class=\"qodef-m-title\" >\n\t\t\t\t\t<span class=\"qodef-m-title-text\">Tecnolog\u00eda y Monitoreo<\/span>\n\t\t\t<\/h4>\n\t\t\t<p class=\"qodef-m-text\" style=\"margin-top: 18px\">Unidades con GPS en tiempo real y control operativo continuo para garantizar seguridad.<\/p>\n\t<\/div>\n<\/div>\n\t\t\t\t<\/div>\n\t\t\t\t<\/div>\n\t\t\t\t\t<\/div>\n\t\t<\/div>\n\t\t\t\t<div class=\"elementor-column elementor-col-25 elementor-top-column elementor-element elementor-element-209e974\" data-id=\"209e974\" data-element_type=\"column\">\n\t\t\t<div class=\"elementor-widget-wrap elementor-element-populated\">\n\t\t\t\t\t\t<div class=\"elementor-element elementor-element-405129c elementor-widget elementor-widget-globefarer_core_icon_with_text\" data-id=\"405129c\" data-element_type=\"widget\" data-widget_type=\"globefarer_core_icon_with_text.default\">\n\t\t\t\t<div class=\"elementor-widget-container\">\n\t\t\t\t\t<div class=\"qodef-shortcode qodef-m qodef-icon-with-text qodef-layout--top qodef--custom-icon qodef-alignment--left\">\n\t<div class=\"qodef-m-icon-wrapper\">\n\t\t\t\t\t<img loading=\"lazy\" decoding=\"async\" width=\"40\" height=\"34\" src=\"https:\/\/rioparanacargas.com.ar\/wp-content\/uploads\/2025\/05\/asistencia-icon.png\" class=\"attachment-full size-full\" alt=\"\" \/>\t\t<\/div>\n\t<div class=\"qodef-m-content\">\n\t\t\t<h4 class=\"qodef-m-title\" >\n\t\t\t\t\t<span class=\"qodef-m-title-text\">Atenci\u00f3n Personalizada<\/span>\n\t\t\t<\/h4>\n\t\t\t<p class=\"qodef-m-text\" style=\"margin-top: 18px\">Equipo profesional con atenci\u00f3n personalizada y seguimiento constante.<\/p>\n\t<\/div>\n<\/div>\n\t\t\t\t<\/div>\n\t\t\t\t<\/div>\n\t\t\t\t\t<\/div>\n\t\t<\/div>\n\t\t\t\t\t<\/div>\n\t\t<\/section>\n\t\t\t\t<section class=\"elementor-section elementor-top-section elementor-element elementor-element-c76d311 elementor-section-full_width qodef-elementor-content-grid elementor-section-height-default elementor-section-height-default\" data-id=\"c76d311\" data-element_type=\"section\">\n\t\t\t\t\t\t<div class=\"elementor-container elementor-column-gap-no\">\n\t\t\t\t\t<div class=\"elementor-column elementor-col-100 elementor-top-column elementor-element elementor-element-912d39d\" data-id=\"912d39d\" data-element_type=\"column\">\n\t\t\t<div class=\"elementor-widget-wrap elementor-element-populated\">\n\t\t\t\t\t\t<div class=\"elementor-element elementor-element-8789fda elementor-widget elementor-widget-globefarer_core_divided_info_section\" data-id=\"8789fda\" data-element_type=\"widget\" data-widget_type=\"globefarer_core_divided_info_section.default\">\n\t\t\t\t<div class=\"elementor-widget-container\">\n\t\t\t\t\t<div class=\"qodef-shortcode qodef-m qodef-divided-info-section qodef-layout--standard qodef-appear-animation--no qodef-appear-animation-type--roll-out\">\n\t<div class=\"qodef-m-inner-left\" >\n\t\t\t\t<h2 itemprop=\"name\" class=\"qodef-m-title\" >\n\tNuestra Flota \t<\/h2>\n\t<p class=\"qodef-m-text\">\n\t\tEn R\u00edo Paran\u00e1 Cargas contamos con una flota propia, moderna y equipada para ofrecer soluciones de transporte seguras, eficientes y adaptadas a cada tipo de carga. Nuestra infraestructura rodante se encuentra en constante renovaci\u00f3n, garantizando confiabilidad operativa y cumplimiento en cada servicio.\nLa flota est\u00e1 compuesta por tractores 6\u00d72 y 4\u00d72, acompa\u00f1ados de semirremolques baranda volcable de 14.50 m, tanto en versiones convencionales como escaladas. Estos equipos est\u00e1n adaptados para m\u00faltiples tipos de carga: (1) Equipados con portapinos para el traslado de contenedores. (2) Con portaestaqueras para transportar ca\u00f1os, postes y otros elementos que requieren este tipo de soporte. (3) Disponemos de elementos de sujecion para asegurar cargas especiales.\n(4) Todos nuestros choferes est\u00e1n debidamente capacitados en t\u00e9cnicas de estiba, aseguramiento y anclaje de carga, cumpliendo con los protocolos exigidos por la normativa vigente.\t<\/p>\n\t<\/div>\n\t<div class=\"qodef-m-inner-right\" >\n\t\t\t<div class=\"qodef-m-image\">\n\t\t<img loading=\"lazy\" decoding=\"async\" width=\"1536\" height=\"1024\" src=\"https:\/\/rioparanacargas.com.ar\/wp-content\/uploads\/2025\/05\/20250522_1851_Camiones-Iluminados-en-Hangar_simple_compose_01jvwzjen9f33v0x1404wc5e4v.png\" class=\"attachment-full size-full\" alt=\"\" srcset=\"https:\/\/rioparanacargas.com.ar\/wp-content\/uploads\/2025\/05\/20250522_1851_Camiones-Iluminados-en-Hangar_simple_compose_01jvwzjen9f33v0x1404wc5e4v.png 1536w, https:\/\/rioparanacargas.com.ar\/wp-content\/uploads\/2025\/05\/20250522_1851_Camiones-Iluminados-en-Hangar_simple_compose_01jvwzjen9f33v0x1404wc5e4v-300x200.png 300w, https:\/\/rioparanacargas.com.ar\/wp-content\/uploads\/2025\/05\/20250522_1851_Camiones-Iluminados-en-Hangar_simple_compose_01jvwzjen9f33v0x1404wc5e4v-1024x683.png 1024w, https:\/\/rioparanacargas.com.ar\/wp-content\/uploads\/2025\/05\/20250522_1851_Camiones-Iluminados-en-Hangar_simple_compose_01jvwzjen9f33v0x1404wc5e4v-768x512.png 768w\" sizes=\"(max-width: 1536px) 100vw, 1536px\" \/>\t<\/div>\n\t\t\t\t\t\t\t\t\t\t\t\t\t<div class=\"qodef-e-content\">\n\t\t<h1 class=\"qodef-e-title\">\n\t\t4x2\t<\/h1>\n\t<p class=\"qodef-e-text\">\n\t\tPara cargas est\u00e1ndar de hasta 27.500 kg, con semirremolques convencionales.\t<\/p>\n<a class=\"qodef-shortcode qodef-m qodef-e-button qodef-button qodef-layout--textual qodef-html--link\" href=\"\" target=\"_self\"  >\t\t\t<span class=\"qodef-m-button-icon\"><svg class=\"qodef-svg--plus\" xmlns=\"http:\/\/www.w3.org\/2000\/svg\" xmlns:xlink=\"http:\/\/www.w3.org\/1999\/xlink\" width=\"14\" height=\"14\" viewBox=\"0 0 14 14\"><path class=\"qodef-m-horizontal\" d=\"M0,0H14V2H0Z\" transform=\"translate(0 6)\" \/><path class=\"qodef-m-vertical\" d=\"M0,0H2V14H0Z\" transform=\"translate(6)\" \/><\/svg><\/span>\t\t<\/a><\/div>\n\t\t\t\t\t\t\t\t\t\t\t<div class=\"qodef-e-content\">\n\t\t<h1 class=\"qodef-e-title\">\n\t\t6x2\t<\/h1>\n\t<p class=\"qodef-e-text\">\n\t\tPara cargas especiales o de mayor peso, disponemos de unidades escaladas, que permiten transportar hasta 35.000 kg.\t<\/p>\n<a class=\"qodef-shortcode qodef-m qodef-e-button qodef-button qodef-layout--textual qodef-html--link\" href=\"\" target=\"_self\"  >\t\t\t<span class=\"qodef-m-button-icon\"><svg class=\"qodef-svg--plus\" xmlns=\"http:\/\/www.w3.org\/2000\/svg\" xmlns:xlink=\"http:\/\/www.w3.org\/1999\/xlink\" width=\"14\" height=\"14\" viewBox=\"0 0 14 14\"><path class=\"qodef-m-horizontal\" d=\"M0,0H14V2H0Z\" transform=\"translate(0 6)\" \/><path class=\"qodef-m-vertical\" d=\"M0,0H2V14H0Z\" transform=\"translate(6)\" \/><\/svg><\/span>\t\t<\/a><\/div>\n\t\t\t\t\t\t<\/div>\n<\/div>\n\t\t\t\t<\/div>\n\t\t\t\t<\/div>\n\t\t\t\t\t<\/div>\n\t\t<\/div>\n\t\t\t\t\t<\/div>\n\t\t<\/section>\n\t\t\t\t<\/div>\n\t\t","protected":false},"excerpt":{"rendered":"<p>Soluciones log\u00edsticas a medida, seguras y confiables Nuestro diferencial est\u00e1 en la atenci\u00f3n personalizada, la trazabilidad en tiempo real, el cumplimiento normativo y una respuesta \u00e1gil ante cada operaci\u00f3n. Hablemos de tu Carga Servicios Soluciones Transporte Nacional Brindamos soluciones de transporte terrestre a lo largo de todo el territorio argentino, con amplia cobertura operativa en [&hellip;]<\/p>\n","protected":false},"author":1,"featured_media":0,"parent":0,"menu_order":0,"comment_status":"closed","ping_status":"closed","template":"page-full-width.php","meta":{"footnotes":""},"class_list":["post-2640","page","type-page","status-publish","hentry"],"_links":{"self":[{"href":"https:\/\/rioparanacargas.com.ar\/index.php\/wp-json\/wp\/v2\/pages\/2640","targetHints":{"allow":["GET"]}}],"collection":[{"href":"https:\/\/rioparanacargas.com.ar\/index.php\/wp-json\/wp\/v2\/pages"}],"about":[{"href":"https:\/\/rioparanacargas.com.ar\/index.php\/wp-json\/wp\/v2\/types\/page"}],"author":[{"embeddable":true,"href":"https:\/\/rioparanacargas.com.ar\/index.php\/wp-json\/wp\/v2\/users\/1"}],"replies":[{"embeddable":true,"href":"https:\/\/rioparanacargas.com.ar\/index.php\/wp-json\/wp\/v2\/comments?post=2640"}],"version-history":[{"count":43,"href":"https:\/\/rioparanacargas.com.ar\/index.php\/wp-json\/wp\/v2\/pages\/2640\/revisions"}],"predecessor-version":[{"id":8339,"href":"https:\/\/rioparanacargas.com.ar\/index.php\/wp-json\/wp\/v2\/pages\/2640\/revisions\/8339"}],"wp:attachment":[{"href":"https:\/\/rioparanacargas.com.ar\/index.php\/wp-json\/wp\/v2\/media?parent=2640"}],"curies":[{"name":"wp","href":"https:\/\/api.w.org\/{rel}","templated":true}]}}