{"id":2814,"date":"2021-08-09T09:25:20","date_gmt":"2021-08-09T09:25:20","guid":{"rendered":"https:\/\/globefarer.qodeinteractive.com\/?page_id=2814"},"modified":"2025-05-27T23:57:00","modified_gmt":"2025-05-27T20:57:00","slug":"sumate","status":"publish","type":"page","link":"https:\/\/rioparanacargas.com.ar\/index.php\/sumate\/","title":{"rendered":"Sumate al Equipo"},"content":{"rendered":"\t\t<div data-elementor-type=\"wp-page\" data-elementor-id=\"2814\" class=\"elementor elementor-2814\">\n\t\t\t\t\t\t<section class=\"elementor-section elementor-top-section elementor-element elementor-element-137040d elementor-section-full_width elementor-section-height-default elementor-section-height-default qodef-elementor-content-no\" data-id=\"137040d\" data-element_type=\"section\">\n\t\t\t\t\t\t<div class=\"elementor-container elementor-column-gap-no\">\n\t\t\t\t\t<div class=\"elementor-column elementor-col-100 elementor-top-column elementor-element elementor-element-54985ce\" data-id=\"54985ce\" data-element_type=\"column\">\n\t\t\t<div class=\"elementor-widget-wrap elementor-element-populated\">\n\t\t\t\t\t\t<div class=\"elementor-element elementor-element-3c9ccaf elementor-widget elementor-widget-globefarer_core_section_title\" data-id=\"3c9ccaf\" data-element_type=\"widget\" data-widget_type=\"globefarer_core_section_title.default\">\n\t\t\t\t<div class=\"elementor-widget-container\">\n\t\t\t\t\t<div class=\"qodef-shortcode qodef-m qodef-section-title qodef-alignment--left qodef-appear-animation--no\">\n\t\t\t<h2 class=\"qodef-m-title\" >\n\t\t\t\t\tForma parte de nuestra empresa\t\t\t<\/h2>\n\t\t<p class=\"qodef-m-text\" style=\"margin-top: 30px\">Estamos en constante crecimiento, buscamos sumar personas comprometidas, responsables y con vocaci\u00f3n de servicio para formar parte de nuestro equipo.\nSi quer\u00e9s postularte para trabajar con nosotros, complet\u00e1 el formulario de la izquierda en Google Forms y adjunt\u00e1 tu curr\u00edculum. \n<\/p>\n\t<\/div>\n\t\t\t\t<\/div>\n\t\t\t\t<\/div>\n\t\t\t\t\t<\/div>\n\t\t<\/div>\n\t\t\t\t\t<\/div>\n\t\t<\/section>\n\t\t\t\t<section class=\"elementor-section elementor-top-section elementor-element elementor-element-606c4a7 elementor-section-full_width elementor-section-height-default elementor-section-height-default qodef-elementor-content-no\" data-id=\"606c4a7\" data-element_type=\"section\">\n\t\t\t\t\t\t<div class=\"elementor-container elementor-column-gap-no\">\n\t\t\t\t\t<div class=\"elementor-column elementor-col-100 elementor-top-column elementor-element elementor-element-d164aa8\" data-id=\"d164aa8\" data-element_type=\"column\">\n\t\t\t<div class=\"elementor-widget-wrap elementor-element-populated\">\n\t\t\t\t\t\t<div class=\"elementor-element elementor-element-753b718 elementor-widget elementor-widget-globefarer_core_list_items\" data-id=\"753b718\" data-element_type=\"widget\" data-widget_type=\"globefarer_core_list_items.default\">\n\t\t\t\t<div class=\"elementor-widget-container\">\n\t\t\t\t\t<div class=\"qodef-shortcode qodef-m qodef-list-items qodef-layout--bulleted-list\">\n\t\t\t\t<ul class=\"qodef-m-list\">\n\t\t\t\t\t\t\t\t<li class=\"qodef-m-list-item\" >\n\t<span class=\"qodef-m-list-marker\">\n\t<svg class=\"qodef-svg--tick qodef-m-list-item-marker\" xmlns=\"http:\/\/www.w3.org\/2000\/svg\" width=\"16.971\" height=\"12.728\" viewBox=\"0 0 16.971 12.728\"><g transform=\"translate(-766.793 -1747.429)\"><rect width=\"16\" height=\"2\" transform=\"translate(771.035 1758.743) rotate(-45)\"\/><rect width=\"2\" height=\"8\" transform=\"translate(773.864 1758.743) rotate(135)\"\/><\/g><\/svg><\/span>\n\t<p class=\"qodef-m-list-item-inner\">\n\t\t\t\t\t\t<span class=\"qodef-m-list-text\">\n\t\tNivel educativo: secundario completo, terciario incompleto-completo, estudiante universitario, graduado universitario.\t<\/span>\n\t\t\t<\/p>\n<\/li>\n\t\t\t\t\t\t\t\t<li class=\"qodef-m-list-item\" >\n\t<span class=\"qodef-m-list-marker\">\n\t<svg class=\"qodef-svg--tick qodef-m-list-item-marker\" xmlns=\"http:\/\/www.w3.org\/2000\/svg\" width=\"16.971\" height=\"12.728\" viewBox=\"0 0 16.971 12.728\"><g transform=\"translate(-766.793 -1747.429)\"><rect width=\"16\" height=\"2\" transform=\"translate(771.035 1758.743) rotate(-45)\"\/><rect width=\"2\" height=\"8\" transform=\"translate(773.864 1758.743) rotate(135)\"\/><\/g><\/svg><\/span>\n\t<p class=\"qodef-m-list-item-inner\">\n\t\t\t\t\t\t<span class=\"qodef-m-list-text\">\n\t\t\u00c1rea de postulaci\u00f3n: administraci\u00f3n, dep\u00f3sito, operario, autoelevadorista,  chofer de reparto, chofer de larga distancia, taller.\t<\/span>\n\t\t\t<\/p>\n<\/li>\n\t\t\t\t<\/ul>\n\t<\/div>\n\t\t\t\t<\/div>\n\t\t\t\t<\/div>\n\t\t\t\t\t<\/div>\n\t\t<\/div>\n\t\t\t\t\t<\/div>\n\t\t<\/section>\n\t\t\t\t<section class=\"elementor-section elementor-top-section elementor-element elementor-element-eb4c986 elementor-section-full_width elementor-section-height-default elementor-section-height-default qodef-elementor-content-no\" data-id=\"eb4c986\" data-element_type=\"section\">\n\t\t\t\t\t\t<div class=\"elementor-container elementor-column-gap-no\">\n\t\t\t\t\t<div class=\"elementor-column elementor-col-100 elementor-top-column elementor-element elementor-element-8549e7b\" data-id=\"8549e7b\" data-element_type=\"column\">\n\t\t\t<div class=\"elementor-widget-wrap elementor-element-populated\">\n\t\t\t\t\t\t<div class=\"elementor-element elementor-element-fbbd632 elementor-widget elementor-widget-text-editor\" data-id=\"fbbd632\" data-element_type=\"widget\" data-widget_type=\"text-editor.default\">\n\t\t\t\t<div class=\"elementor-widget-container\">\n\t\t\t\t\t\t\t\t\t<p><em>Nuestro equipo de Recursos Humanos revisar\u00e1 tu solicitud y se pondr\u00e1 en contacto en caso de surgir una oportunidad acorde a tu perfil.<\/em><\/p>\t\t\t\t\t\t\t\t<\/div>\n\t\t\t\t<\/div>\n\t\t\t\t\t<\/div>\n\t\t<\/div>\n\t\t\t\t\t<\/div>\n\t\t<\/section>\n\t\t\t\t<section class=\"elementor-section elementor-top-section elementor-element elementor-element-d7ce9fa elementor-section-full_width elementor-section-height-default elementor-section-height-default qodef-elementor-content-no\" data-id=\"d7ce9fa\" data-element_type=\"section\">\n\t\t\t\t\t\t<div class=\"elementor-container elementor-column-gap-no\">\n\t\t\t\t\t<div class=\"elementor-column elementor-col-100 elementor-top-column elementor-element elementor-element-18fbd4d\" data-id=\"18fbd4d\" data-element_type=\"column\">\n\t\t\t<div class=\"elementor-widget-wrap elementor-element-populated\">\n\t\t\t\t\t\t<div class=\"elementor-element elementor-element-22f377d elementor-widget elementor-widget-globefarer_core_single_image\" data-id=\"22f377d\" data-element_type=\"widget\" data-widget_type=\"globefarer_core_single_image.default\">\n\t\t\t\t<div class=\"elementor-widget-container\">\n\t\t\t\t\t<div class=\"qodef-shortcode qodef-m qodef-single-image qodef-layout--default qodef-appear-animation--no\">\n\t\t<div class=\"qodef-m-image\">\n\t\t\t\t\t<img fetchpriority=\"high\" decoding=\"async\" width=\"1536\" height=\"1024\" src=\"https:\/\/rioparanacargas.com.ar\/wp-content\/uploads\/2025\/05\/20250523_1507_Transport-Safety-Promotion_remix_01jvz54rqffadak5ncyb77x3d2.png\" class=\"attachment-full size-full\" alt=\"\" srcset=\"https:\/\/rioparanacargas.com.ar\/wp-content\/uploads\/2025\/05\/20250523_1507_Transport-Safety-Promotion_remix_01jvz54rqffadak5ncyb77x3d2.png 1536w, https:\/\/rioparanacargas.com.ar\/wp-content\/uploads\/2025\/05\/20250523_1507_Transport-Safety-Promotion_remix_01jvz54rqffadak5ncyb77x3d2-300x200.png 300w, https:\/\/rioparanacargas.com.ar\/wp-content\/uploads\/2025\/05\/20250523_1507_Transport-Safety-Promotion_remix_01jvz54rqffadak5ncyb77x3d2-1024x683.png 1024w, https:\/\/rioparanacargas.com.ar\/wp-content\/uploads\/2025\/05\/20250523_1507_Transport-Safety-Promotion_remix_01jvz54rqffadak5ncyb77x3d2-768x512.png 768w\" sizes=\"(max-width: 1536px) 100vw, 1536px\" \/>\t\t\t<\/div>\n<\/div>\n\t\t\t\t<\/div>\n\t\t\t\t<\/div>\n\t\t\t\t\t<\/div>\n\t\t<\/div>\n\t\t\t\t\t<\/div>\n\t\t<\/section>\n\t\t\t\t<section class=\"elementor-section elementor-top-section elementor-element elementor-element-a7ab3dc elementor-section-full_width elementor-section-height-default elementor-section-height-default qodef-elementor-content-no\" data-id=\"a7ab3dc\" data-element_type=\"section\">\n\t\t\t\t\t\t<div class=\"elementor-container elementor-column-gap-no\">\n\t\t\t\t\t<div class=\"elementor-column elementor-col-100 elementor-top-column elementor-element elementor-element-7c88d2b\" data-id=\"7c88d2b\" data-element_type=\"column\">\n\t\t\t<div class=\"elementor-widget-wrap elementor-element-populated\">\n\t\t\t\t\t\t<div class=\"elementor-element elementor-element-4ba0e52 elementor-widget elementor-widget-globefarer_core_section_title\" data-id=\"4ba0e52\" data-element_type=\"widget\" data-widget_type=\"globefarer_core_section_title.default\">\n\t\t\t\t<div class=\"elementor-widget-container\">\n\t\t\t\t\t<div class=\"qodef-shortcode qodef-m qodef-section-title qodef-alignment--left qodef-appear-animation--no\">\n\t\t\t<h2 class=\"qodef-m-title\" >\n\t\t\t\t\tPuestos requeridos\t\t\t<\/h2>\n\t\t<\/div>\n\t\t\t\t<\/div>\n\t\t\t\t<\/div>\n\t\t\t\t\t<\/div>\n\t\t<\/div>\n\t\t\t\t\t<\/div>\n\t\t<\/section>\n\t\t\t\t<section class=\"elementor-section elementor-top-section elementor-element elementor-element-b82a6d4 elementor-section-full_width elementor-section-height-default elementor-section-height-default qodef-elementor-content-no\" data-id=\"b82a6d4\" data-element_type=\"section\">\n\t\t\t\t\t\t<div class=\"elementor-container elementor-column-gap-no\">\n\t\t\t\t\t<div class=\"elementor-column elementor-col-100 elementor-top-column elementor-element elementor-element-3991715\" data-id=\"3991715\" data-element_type=\"column\">\n\t\t\t<div class=\"elementor-widget-wrap elementor-element-populated\">\n\t\t\t\t\t\t<div class=\"elementor-element elementor-element-cc00b29 elementor-widget elementor-widget-globefarer_core_accordion_info\" data-id=\"cc00b29\" data-element_type=\"widget\" data-widget_type=\"globefarer_core_accordion_info.default\">\n\t\t\t\t<div class=\"elementor-widget-container\">\n\t\t\t\t\t<div class=\"qodef-shortcode qodef-m qodef-accordion-info qodef-behavior--accordion qodef-layout--extended\">\n\t<div class=\"qodef-m-heading\">\n\t\t<h6 class=\"qodef-m-heading-title\">\n\t\tT\u00edtulo\t<\/h6>\n\t<h6 class=\"qodef-m-heading-tagline\">\n\t\tEspecificaciones\t<\/h6>\n<\/div>\n\t<div class=\"qodef-accordion-info-inner\">\n\t\t\t\t\t\t\t\t\t\t\t\t\t<div class=\"qodef-m-navigation\">\n\t\t<h4 class=\"qodef-m-title\">\n\t\tChofer de Larga Distancia\t<\/h4>\n\t<p class=\"qodef-m-tagline\">\n\t\tConduce unidades de carga en rutas nacionales e internacionales, cumpliendo estrictamente con normativas de seguridad y tiempos de conducci\u00f3n.\t<\/p>\n<div class=\"qodef-m-mark\">\n\t<svg class=\"qodef-svg--plus\" xmlns=\"http:\/\/www.w3.org\/2000\/svg\" xmlns:xlink=\"http:\/\/www.w3.org\/1999\/xlink\" width=\"14\" height=\"14\" viewBox=\"0 0 14 14\"><path class=\"qodef-m-horizontal\" d=\"M0,0H14V2H0Z\" transform=\"translate(0 6)\" \/><path class=\"qodef-m-vertical\" d=\"M0,0H2V14H0Z\" transform=\"translate(6)\" \/><\/svg><\/div>\n<\/div>\n<div class=\"qodef-m-content\">\n\t\t<p class=\"qodef-m-text\">\n\t\tEl chofer de larga distancia es responsable del traslado seguro de cargas generales, especiales y reguladas en todo el territorio argentino y pa\u00edses lim\u00edtrofes. Debe realizar controles preventivos del veh\u00edculo, seguir rutas asignadas, registrar datos de cada viaje y mantener comunicaci\u00f3n constante con la base.\n\nAptitudes requeridas:\n\nLicencia profesional vigente (Categor\u00eda E2)\n\nCurso de cargas peligrosas (valorable)\n\nConocimiento de rutas nacionales y fronterizas\n\nResponsabilidad, manejo preventivo y buena actitud.\n\nDisponibilidad para viajar extensamente.\t<\/p>\n<\/div>\n\t\t\t\t\t\t\t\t\t\t\t<div class=\"qodef-m-navigation\">\n\t\t<h4 class=\"qodef-m-title\">\n\t\tChofer de Reparto Urbano y Regional\t<\/h4>\n\t<p class=\"qodef-m-tagline\">\n\t\tRealiza entregas locales y regionales, gestionando recorridos cortos con eficiencia y buen trato al cliente.\t<\/p>\n<div class=\"qodef-m-mark\">\n\t<svg class=\"qodef-svg--plus\" xmlns=\"http:\/\/www.w3.org\/2000\/svg\" xmlns:xlink=\"http:\/\/www.w3.org\/1999\/xlink\" width=\"14\" height=\"14\" viewBox=\"0 0 14 14\"><path class=\"qodef-m-horizontal\" d=\"M0,0H14V2H0Z\" transform=\"translate(0 6)\" \/><path class=\"qodef-m-vertical\" d=\"M0,0H2V14H0Z\" transform=\"translate(6)\" \/><\/svg><\/div>\n<\/div>\n<div class=\"qodef-m-content\">\n\t\t<p class=\"qodef-m-text\">\n\t\tEste puesto se encarga de la distribuci\u00f3n puerta a puerta desde los dep\u00f3sitos de R\u00edo Paran\u00e1 Cargas, principalmente en zonas urbanas o regiones espec\u00edficas como el NEA, GBA o Patagonia. Debe cargar y descargar mercader\u00eda, gestionar remitos y mantener el veh\u00edculo en \u00f3ptimas condiciones.\nAptitudes requeridas:\n\nLicencia categor\u00eda C o superior\n\nConocimiento de zonas urbanas y perif\u00e9ricas\n\nPuntualidad, prolijidad y trato cordial.\n\nExperiencia previa en reparto\/log\u00edstica deseable.\t<\/p>\n<\/div>\n\t\t\t\t\t\t\t\t\t\t\t<div class=\"qodef-m-navigation\">\n\t\t<h4 class=\"qodef-m-title\">\n\t\tT\u00e9cnico de Taller \/ Mantenimiento\t<\/h4>\n\t<p class=\"qodef-m-tagline\">\n\t\tMantiene y repara unidades de flota pesada en nuestros talleres, asegurando su operatividad continua.\t<\/p>\n<div class=\"qodef-m-mark\">\n\t<svg class=\"qodef-svg--plus\" xmlns=\"http:\/\/www.w3.org\/2000\/svg\" xmlns:xlink=\"http:\/\/www.w3.org\/1999\/xlink\" width=\"14\" height=\"14\" viewBox=\"0 0 14 14\"><path class=\"qodef-m-horizontal\" d=\"M0,0H14V2H0Z\" transform=\"translate(0 6)\" \/><path class=\"qodef-m-vertical\" d=\"M0,0H2V14H0Z\" transform=\"translate(6)\" \/><\/svg><\/div>\n<\/div>\n<div class=\"qodef-m-content\">\n\t\t<p class=\"qodef-m-text\">\n\t\tEl personal de taller trabaja en el mantenimiento preventivo y correctivo de tractores y semirremolques. Incluye mec\u00e1nica general, gomer\u00eda, electricidad, chapa y pintura. Debe diagnosticar fallas, realizar reparaciones y registrar tareas cumplidas.\nAptitudes requeridas:\n\nExperiencia comprobable en mec\u00e1nica pesada.\n\nConocimientos de electricidad vehicular y sistemas hidr\u00e1ulicos.\n\nCapacidad de trabajo en equipo y resoluci\u00f3n de problemas.\n\nOrganizaci\u00f3n y seguimiento de rutinas de mantenimiento.\t<\/p>\n<\/div>\n\t\t\t\t\t\t\t\t\t\t\t<div class=\"qodef-m-navigation\">\n\t\t<h4 class=\"qodef-m-title\">\n\t\tAdministrativo\/a de Log\u00edstica\t<\/h4>\n\t<p class=\"qodef-m-tagline\">\n\t\tGestiona procesos log\u00edsticos y documentaci\u00f3n de cada operaci\u00f3n de transporte.\t<\/p>\n<div class=\"qodef-m-mark\">\n\t<svg class=\"qodef-svg--plus\" xmlns=\"http:\/\/www.w3.org\/2000\/svg\" xmlns:xlink=\"http:\/\/www.w3.org\/1999\/xlink\" width=\"14\" height=\"14\" viewBox=\"0 0 14 14\"><path class=\"qodef-m-horizontal\" d=\"M0,0H14V2H0Z\" transform=\"translate(0 6)\" \/><path class=\"qodef-m-vertical\" d=\"M0,0H2V14H0Z\" transform=\"translate(6)\" \/><\/svg><\/div>\n<\/div>\n<div class=\"qodef-m-content\">\n\t\t<p class=\"qodef-m-text\">\n\t\tEste puesto se enfoca en la planificaci\u00f3n de viajes, gesti\u00f3n de remitos, seguimiento de entregas, atenci\u00f3n a clientes y carga de informaci\u00f3n en los sistemas internos. Se trabaja en conjunto con choferes y operadores para garantizar trazabilidad, cumplimiento normativo y resoluci\u00f3n de incidentes.\nAptitudes requeridas:\n\nBuen manejo de sistemas inform\u00e1ticos (Excel, sistemas de gesti\u00f3n).\n\nConocimiento de documentaci\u00f3n log\u00edstica y normativa b\u00e1sica.\n\nHabilidad para coordinar equipos y mantener comunicaci\u00f3n fluida.\nProactividad, responsabilidad y atenci\u00f3n al detalle.\t<\/p>\n<\/div>\n\t\t\t\t\t\t\t\t\t\t\t<div class=\"qodef-m-navigation\">\n\t\t<h4 class=\"qodef-m-title\">\n\t\tOperario\/a de Dep\u00f3sito\t<\/h4>\n\t<p class=\"qodef-m-tagline\">\n\t\tClasifica, carga, estiba y controla mercader\u00eda en nuestras plantas log\u00edsticas.\t<\/p>\n<div class=\"qodef-m-mark\">\n\t<svg class=\"qodef-svg--plus\" xmlns=\"http:\/\/www.w3.org\/2000\/svg\" xmlns:xlink=\"http:\/\/www.w3.org\/1999\/xlink\" width=\"14\" height=\"14\" viewBox=\"0 0 14 14\"><path class=\"qodef-m-horizontal\" d=\"M0,0H14V2H0Z\" transform=\"translate(0 6)\" \/><path class=\"qodef-m-vertical\" d=\"M0,0H2V14H0Z\" transform=\"translate(6)\" \/><\/svg><\/div>\n<\/div>\n<div class=\"qodef-m-content\">\n\t\t<p class=\"qodef-m-text\">\n\t\tEl operario de dep\u00f3sito realiza tareas de carga y descarga, armado de pedidos, control de stock e inventarios. Opera elementos de sujeci\u00f3n, carretillas o autoelevadores seg\u00fan corresponda. Debe mantener orden y limpieza, y cumplir los protocolos de seguridad.\nAptitudes requeridas:\n\nExperiencia en log\u00edstica o dep\u00f3sitos.\n\nValoramos manejo de autoelevador (con carnet).\n\nFuerza f\u00edsica, precisi\u00f3n y actitud proactiva.\n\nConocimiento b\u00e1sico de control de stock.\t<\/p>\n<\/div>\n\t\t\t\t\t\t<\/div>\n<\/div>\n\t\t\t\t<\/div>\n\t\t\t\t<\/div>\n\t\t\t\t\t<\/div>\n\t\t<\/div>\n\t\t\t\t\t<\/div>\n\t\t<\/section>\n\t\t\t\t<section class=\"elementor-section elementor-top-section elementor-element elementor-element-68e895f elementor-section-full_width elementor-section-height-default elementor-section-height-default qodef-elementor-content-no\" data-id=\"68e895f\" data-element_type=\"section\">\n\t\t\t\t\t\t<div class=\"elementor-container elementor-column-gap-no\">\n\t\t\t\t\t<div class=\"elementor-column elementor-col-100 elementor-top-column elementor-element elementor-element-d2c54fe\" data-id=\"d2c54fe\" data-element_type=\"column\">\n\t\t\t<div class=\"elementor-widget-wrap elementor-element-populated\">\n\t\t\t\t\t\t<div class=\"elementor-element elementor-element-ed5b00a elementor-widget elementor-widget-globefarer_core_section_title\" data-id=\"ed5b00a\" data-element_type=\"widget\" data-widget_type=\"globefarer_core_section_title.default\">\n\t\t\t\t<div class=\"elementor-widget-container\">\n\t\t\t\t\t<div class=\"qodef-shortcode qodef-m qodef-section-title qodef-alignment--left qodef-appear-animation--no\">\n\t\t\t<h2 class=\"qodef-m-title\" >\n\t\t\t\t\t\u00bfTienes alguna consulta?\t\t\t<\/h2>\n\t\t<\/div>\n\t\t\t\t<\/div>\n\t\t\t\t<\/div>\n\t\t\t\t\t<\/div>\n\t\t<\/div>\n\t\t\t\t\t<\/div>\n\t\t<\/section>\n\t\t\t\t<section class=\"elementor-section elementor-top-section elementor-element elementor-element-0484407 elementor-section-full_width elementor-section-height-default elementor-section-height-default qodef-elementor-content-no\" data-id=\"0484407\" data-element_type=\"section\">\n\t\t\t\t\t\t<div class=\"elementor-container elementor-column-gap-no\">\n\t\t\t\t\t<div class=\"elementor-column elementor-col-100 elementor-top-column elementor-element elementor-element-916566f\" data-id=\"916566f\" data-element_type=\"column\">\n\t\t\t<div class=\"elementor-widget-wrap elementor-element-populated\">\n\t\t\t\t\t\t<div class=\"elementor-element elementor-element-a0ea566 elementor-widget elementor-widget-text-editor\" data-id=\"a0ea566\" data-element_type=\"widget\" data-widget_type=\"text-editor.default\">\n\t\t\t\t<div class=\"elementor-widget-container\">\n\t\t\t\t\t\t\t\t\t<p><em>Complet\u00e1 el formulario y nos pondremos en contacto a la brevedad.<\/em><\/p>\t\t\t\t\t\t\t\t<\/div>\n\t\t\t\t<\/div>\n\t\t\t\t\t<\/div>\n\t\t<\/div>\n\t\t\t\t\t<\/div>\n\t\t<\/section>\n\t\t\t\t<\/div>\n\t\t","protected":false},"excerpt":{"rendered":"<p>Forma parte de nuestra empresa Estamos en constante crecimiento, buscamos sumar personas comprometidas, responsables y con vocaci\u00f3n de servicio para formar parte de nuestro equipo. Si quer\u00e9s postularte para trabajar con nosotros, complet\u00e1 el formulario de la izquierda en Google Forms y adjunt\u00e1 tu curr\u00edculum. Nivel educativo: secundario completo, terciario incompleto-completo, estudiante universitario, graduado universitario. [&hellip;]<\/p>\n","protected":false},"author":1,"featured_media":0,"parent":0,"menu_order":0,"comment_status":"closed","ping_status":"closed","template":"","meta":{"footnotes":""},"class_list":["post-2814","page","type-page","status-publish","hentry"],"_links":{"self":[{"href":"https:\/\/rioparanacargas.com.ar\/index.php\/wp-json\/wp\/v2\/pages\/2814","targetHints":{"allow":["GET"]}}],"collection":[{"href":"https:\/\/rioparanacargas.com.ar\/index.php\/wp-json\/wp\/v2\/pages"}],"about":[{"href":"https:\/\/rioparanacargas.com.ar\/index.php\/wp-json\/wp\/v2\/types\/page"}],"author":[{"embeddable":true,"href":"https:\/\/rioparanacargas.com.ar\/index.php\/wp-json\/wp\/v2\/users\/1"}],"replies":[{"embeddable":true,"href":"https:\/\/rioparanacargas.com.ar\/index.php\/wp-json\/wp\/v2\/comments?post=2814"}],"version-history":[{"count":24,"href":"https:\/\/rioparanacargas.com.ar\/index.php\/wp-json\/wp\/v2\/pages\/2814\/revisions"}],"predecessor-version":[{"id":8182,"href":"https:\/\/rioparanacargas.com.ar\/index.php\/wp-json\/wp\/v2\/pages\/2814\/revisions\/8182"}],"wp:attachment":[{"href":"https:\/\/rioparanacargas.com.ar\/index.php\/wp-json\/wp\/v2\/media?parent=2814"}],"curies":[{"name":"wp","href":"https:\/\/api.w.org\/{rel}","templated":true}]}}